{"id":9,"date":"2025-06-05T13:43:17","date_gmt":"2025-06-05T11:43:17","guid":{"rendered":"http:\/\/gorska9e.pl\/?page_id=3"},"modified":"2025-06-19T12:18:20","modified_gmt":"2025-06-19T12:18:20","slug":"polityka-prywatnosci","status":"publish","type":"page","link":"http:\/\/gorska9e.pl\/?page_id=9","title":{"rendered":"Polityka prywatno\u015bci"},"content":{"rendered":"\n<p class=\"has-text-align-right\"><strong>Data wej\u015bcia w \u017cycie: 10 czerwca 2025 r.<\/strong><\/p>\n\n\n\n<p><strong>1. Postanowienia og\u00f3lne<\/strong><\/p>\n\n\n\n<ol start=\"1\" class=\"wp-block-list\">\n<li>Niniejsza Polityka Prywatno\u015bci okre\u015bla zasady przetwarzania i ochrony danych osobowych przez administratora danych \u2013 <strong>Kamienica G\u00f3rska 9E Sp\u00f3\u0142ka z ograniczon\u0105 odpowiedzialno\u015bci\u0105<\/strong> z siedzib\u0105 w Warszawie (02-595), przy ul. Pu\u0142awskiej 99, wpisan\u0105 do rejestru przedsi\u0119biorc\u00f3w Krajowego Rejestru S\u0105dowego prowadzonego przez S\u0105d Rejonowy dla m.st. Warszawy, XII Wydzia\u0142 Gospodarczy KRS, pod numerem KRS: 0001081437, NIP: 5214052942, REGON: 527460274 (dalej: <strong>\u201eKamienica G\u00f3rska 9E\u201d<\/strong>).<\/li>\n\n\n\n<li>Prowadz\u0105c stron\u0119 internetow\u0105 pod adresem <strong>www.gorska9e.pl<\/strong>, Kamienica G\u00f3rska 9E dok\u0142ada wszelkich stara\u0144, aby zapewni\u0107 ochron\u0119 danych osobowych i prywatno\u015bci u\u017cytkownik\u00f3w, ze szczeg\u00f3lnym uwzgl\u0119dnieniem zabezpieczenia informacji przed dost\u0119pem os\u00f3b nieupowa\u017cnionych, utrat\u0105, uszkodzeniem, zniszczeniem lub bezprawnym przetwarzaniem.<\/li>\n<\/ol>\n\n\n\n<p><strong>2. Przetwarzanie danych osobowych<\/strong><\/p>\n\n\n\n<ol start=\"1\" class=\"wp-block-list\">\n<li>Korzystaj\u0105c ze strony internetowej <strong>www.gorska9e.pl<\/strong>, u\u017cytkownik mo\u017ce zosta\u0107 poproszony o podanie danych osobowych niezb\u0119dnych do \u015bwiadczenia us\u0142ug przez Kamienica G\u00f3rska 9E.<\/li>\n\n\n\n<li>Podanie danych osobowych jest dobrowolne, jednak brak zgody na ich przetwarzanie w zakresie niezb\u0119dnym do realizacji us\u0142ug uniemo\u017cliwi ich \u015bwiadczenie.<\/li>\n\n\n\n<li>Dane osobowe os\u00f3b fizycznych, w tym prowadz\u0105cych jednoosobow\u0105 dzia\u0142alno\u015b\u0107 gospodarcz\u0105, s\u0105 przetwarzane przez Kamienica G\u00f3rska 9E jako administratora danych osobowych, zgodnie z Rozporz\u0105dzeniem Parlamentu Europejskiego i Rady (UE) 2016\/679 z dnia 27 kwietnia 2016 r. (<strong>RODO<\/strong>).<\/li>\n\n\n\n<li>U\u017cytkownik ma prawo wniesienia skargi do Prezesa Urz\u0119du Ochrony Danych Osobowych, je\u017celi uzna, \u017ce przetwarzanie jego danych osobowych narusza przepisy RODO.<\/li>\n\n\n\n<li>Dane osobowe mog\u0105 by\u0107 przetwarzane w nast\u0119puj\u0105cych celach:<br>a) rozw\u00f3j baz danych udost\u0119pnianych podmiotom powi\u0105zanym z Kamienica G\u00f3rska 9E, w szczeg\u00f3lno\u015bci w zakresie danych dotycz\u0105cych os\u00f3b zainteresowanych najmem, zakupem lub sprzeda\u017c\u0105 nieruchomo\u015bci,<br>b) zawarcie i realizacja um\u00f3w oraz wykonywanie obowi\u0105zk\u00f3w prawnych,<br>c) dochodzenie roszcze\u0144 oraz obrona przed roszczeniami.<\/li>\n\n\n\n<li>Dane osobowe b\u0119d\u0105 przechowywane przez okres niezb\u0119dny do realizacji ww. cel\u00f3w, zgodnie z obowi\u0105zuj\u0105cymi przepisami prawa, w tym przepisami dotycz\u0105cymi termin\u00f3w przedawnienia roszcze\u0144.<\/li>\n\n\n\n<li>Dane mog\u0105 by\u0107 przekazywane:\n<ul class=\"wp-block-list\">\n<li>podmiotom uprawnionym na mocy przepis\u00f3w prawa,<\/li>\n\n\n\n<li>podmiotom dzia\u0142aj\u0105cym na zlecenie Kamienica G\u00f3rska 9E (np. podwykonawcom),<\/li>\n\n\n\n<li>podmiotom powi\u0105zanym z Kamienica G\u00f3rska 9E, w szczeg\u00f3lno\u015bci w celu zawarcia lub realizacji umowy.<\/li>\n<\/ul>\n<\/li>\n\n\n\n<li>Kamienica G\u00f3rska 9E zapewnia realizacj\u0119 praw os\u00f3b, kt\u00f3rych dane dotycz\u0105, zgodnie z art. 15\u201322 RODO, tj. prawa:\n<ul class=\"wp-block-list\">\n<li>dost\u0119pu do danych,<\/li>\n\n\n\n<li>sprostowania danych,<\/li>\n\n\n\n<li>usuni\u0119cia danych (\u201eprawo do bycia zapomnianym\u201d),<\/li>\n\n\n\n<li>ograniczenia przetwarzania,<\/li>\n\n\n\n<li>przenoszenia danych,<\/li>\n\n\n\n<li>wniesienia sprzeciwu wobec przetwarzania danych, w tym na potrzeby marketingu bezpo\u015bredniego,<\/li>\n\n\n\n<li>cofni\u0119cia zgody na przetwarzanie danych (cofni\u0119cie zgody nie wp\u0142ywa na zgodno\u015b\u0107 z prawem przetwarzania dokonanego przed jej cofni\u0119ciem).<\/li>\n<\/ul>\n<\/li>\n\n\n\n<li>Wnioski dotycz\u0105ce realizacji praw mo\u017cna kierowa\u0107:\n<ul class=\"wp-block-list\">\n<li>drog\u0105 elektroniczn\u0105: <strong>biuro@gorska9e.pl<\/strong>,<\/li>\n\n\n\n<li>drog\u0105 pocztow\u0105: Kamienica G\u00f3rska 9E Sp. z o.o., ul. Pu\u0142awska 99, 02-595 Warszawa.<\/li>\n<\/ul>\n<\/li>\n<\/ol>\n\n\n\n<p><strong>3. Bezpiecze\u0144stwo danych<\/strong><\/p>\n\n\n\n<ol start=\"1\" class=\"wp-block-list\">\n<li>U\u017cytkownik ma prawo \u017c\u0105da\u0107 zaprzestania przetwarzania danych osobowych ze wzgl\u0119du na szczeg\u00f3ln\u0105 sytuacj\u0119.<\/li>\n\n\n\n<li>Kamienica G\u00f3rska 9E stosuje odpowiednie \u015brodki techniczne i organizacyjne w celu zapewnienia ochrony danych osobowych przed nieuprawnionym dost\u0119pem, ich utrat\u0105, zniszczeniem lub nieuprawnion\u0105 modyfikacj\u0105.<\/li>\n<\/ol>\n\n\n\n<p><strong>4. Zmiany Polityki Prywatno\u015bci<\/strong><\/p>\n\n\n\n<ol start=\"1\" class=\"wp-block-list\">\n<li>Kamienica G\u00f3rska 9E zastrzega sobie prawo do wprowadzania zmian w niniejszej Polityce Prywatno\u015bci.<\/li>\n\n\n\n<li>Wszelkie zmiany b\u0119d\u0105 zgodne z obowi\u0105zuj\u0105cymi przepisami prawa i nie b\u0119d\u0105 narusza\u0107 praw os\u00f3b, kt\u00f3rych dane dotycz\u0105.<\/li>\n\n\n\n<li>Zaktualizowana wersja Polityki Prywatno\u015bci b\u0119dzie publikowana na stronie internetowej <strong>www.gorska9e.pl<\/strong> i zacznie obowi\u0105zywa\u0107 z chwil\u0105 jej opublikowania.<\/li>\n<\/ol>\n","protected":false},"excerpt":{"rendered":"<p>Data wej\u015bcia w \u017cycie: 10 czerwca 2025 r. 1. Postanowienia og\u00f3lne 2. Przetwarzanie danych osobowych 3. Bezpiecze\u0144stwo danych 4. Zmiany Polityki Prywatno\u015bci<\/p>\n","protected":false},"author":2,"featured_media":0,"parent":0,"menu_order":0,"comment_status":"closed","ping_status":"open","template":"","meta":{"footnotes":""},"class_list":["post-9","page","type-page","status-publish","hentry"],"_links":{"self":[{"href":"http:\/\/gorska9e.pl\/index.php?rest_route=\/wp\/v2\/pages\/9","targetHints":{"allow":["GET"]}}],"collection":[{"href":"http:\/\/gorska9e.pl\/index.php?rest_route=\/wp\/v2\/pages"}],"about":[{"href":"http:\/\/gorska9e.pl\/index.php?rest_route=\/wp\/v2\/types\/page"}],"author":[{"embeddable":true,"href":"http:\/\/gorska9e.pl\/index.php?rest_route=\/wp\/v2\/users\/2"}],"replies":[{"embeddable":true,"href":"http:\/\/gorska9e.pl\/index.php?rest_route=%2Fwp%2Fv2%2Fcomments&post=9"}],"version-history":[{"count":2,"href":"http:\/\/gorska9e.pl\/index.php?rest_route=\/wp\/v2\/pages\/9\/revisions"}],"predecessor-version":[{"id":95,"href":"http:\/\/gorska9e.pl\/index.php?rest_route=\/wp\/v2\/pages\/9\/revisions\/95"}],"wp:attachment":[{"href":"http:\/\/gorska9e.pl\/index.php?rest_route=%2Fwp%2Fv2%2Fmedia&parent=9"}],"curies":[{"name":"wp","href":"https:\/\/api.w.org\/{rel}","templated":true}]}}